{"id":20,"date":"2023-05-02T14:59:31","date_gmt":"2023-05-02T17:59:31","guid":{"rendered":"https:\/\/tipotemporarioblogs.com.br\/gruporadioplan\/blog\/?page_id=20"},"modified":"2024-06-20T22:09:22","modified_gmt":"2024-06-21T01:09:22","slug":"home","status":"publish","type":"page","link":"https:\/\/www.fultecinox.com.br\/blog\/","title":{"rendered":"Home"},"content":{"rendered":"\n<h1>\n\t\tBlog Fultec Inox\n\t<\/h1>\n\t<p>Especialistas em fundi\u00e7\u00e3o de a\u00e7o inoxid\u00e1vel, super duplex e ligas especiais.<\/p>\n\t\t\t<a href=\"https:\/\/www.fultecinox.com.br\/blog\/aco-carbono\" target=\"_self\" role=\"button\" rel=\"noopener\">\n\t\t\t\t\t\t\tA\u00e7o Carbono\n\t\t\t\t\t<\/a>\n\t\t\t<a href=\"https:\/\/www.fultecinox.com.br\/blog\/baixa-liga\" target=\"_self\" role=\"button\" rel=\"noopener\">\n\t\t\t\t\t\t\tBaixa Liga\n\t\t\t\t\t<\/a>\n\t\t\t<a href=\"https:\/\/www.fultecinox.com.br\/blog\/duplex\" target=\"_self\" role=\"button\" rel=\"noopener\">\n\t\t\t\t\t\t\tDuplex\n\t\t\t\t\t<\/a>\n\t\t\t<a href=\"https:\/\/www.fultecinox.com.br\/blog\/ligas-personalizadas\" target=\"_self\" role=\"button\" rel=\"noopener\">\n\t\t\t\t\t\t\tEspeciais\n\t\t\t\t\t<\/a>\n\t\t\t<a href=\"https:\/\/www.fultecinox.com.br\/blog\/niquel\" target=\"_self\" role=\"button\" rel=\"noopener\">\n\t\t\t\t\t\t\tN\u00edquel\n\t\t\t\t\t<\/a>\n\t\t\t<a href=\"https:\/\/www.fultecinox.com.br\/blog\/super-duplex\" target=\"_self\" role=\"button\" rel=\"noopener\">\n\t\t\t\t\t\t\tSuper Duplex\n\t\t\t\t\t<\/a>\n\t\t\t<a href=\"https:\/\/www.fultecinox.com.br\/blog\/super-duplex\" target=\"_self\" role=\"button\" rel=\"noopener\">\n\t\t\t\t\t\t\tCobalto\n\t\t\t\t\t<\/a>\n<h2>\n\t\tAssuntos em alta\n\t<\/h2>\n<h3>\n\t\tTodas as publica\u00e7\u00f5es\n\t<\/h3>\n\t<h3>Deseja receber n\u00f3ticias e novidades em primeira m\u00e3o?<\/h3>\n\n","protected":false},"excerpt":{"rendered":"<p>Blog Fultec Inox Especialistas em fundi\u00e7\u00e3o de a\u00e7o inoxid\u00e1vel, super duplex e ligas especiais. A\u00e7o Carbono Baixa Liga Duplex Especiais N\u00edquel Super Duplex Cobalto Assuntos em alta Todas as publica\u00e7\u00f5es Deseja receber n\u00f3ticias e novidades em primeira m\u00e3o?<\/p>\n","protected":false},"author":1,"featured_media":0,"parent":0,"menu_order":0,"comment_status":"closed","ping_status":"closed","template":"","meta":{"_kad_post_transparent":"","_kad_post_title":"","_kad_post_layout":"","_kad_post_sidebar_id":"","_kad_post_content_style":"","_kad_post_vertical_padding":"","_kad_post_feature":"","_kad_post_feature_position":"","_kad_post_header":false,"_kad_post_footer":false,"footnotes":""},"class_list":["post-20","page","type-page","status-publish","hentry"],"_links":{"self":[{"href":"https:\/\/www.fultecinox.com.br\/blog\/wp-json\/wp\/v2\/pages\/20","targetHints":{"allow":["GET"]}}],"collection":[{"href":"https:\/\/www.fultecinox.com.br\/blog\/wp-json\/wp\/v2\/pages"}],"about":[{"href":"https:\/\/www.fultecinox.com.br\/blog\/wp-json\/wp\/v2\/types\/page"}],"author":[{"embeddable":true,"href":"https:\/\/www.fultecinox.com.br\/blog\/wp-json\/wp\/v2\/users\/1"}],"replies":[{"embeddable":true,"href":"https:\/\/www.fultecinox.com.br\/blog\/wp-json\/wp\/v2\/comments?post=20"}],"version-history":[{"count":38,"href":"https:\/\/www.fultecinox.com.br\/blog\/wp-json\/wp\/v2\/pages\/20\/revisions"}],"predecessor-version":[{"id":1065,"href":"https:\/\/www.fultecinox.com.br\/blog\/wp-json\/wp\/v2\/pages\/20\/revisions\/1065"}],"wp:attachment":[{"href":"https:\/\/www.fultecinox.com.br\/blog\/wp-json\/wp\/v2\/media?parent=20"}],"curies":[{"name":"wp","href":"https:\/\/api.w.org\/{rel}","templated":true}]}}